{"id":642,"date":"2018-08-07T15:19:12","date_gmt":"2018-08-07T15:19:12","guid":{"rendered":"http:\/\/martinvel.com\/?page_id=642"},"modified":"2021-09-16T08:52:03","modified_gmt":"2021-09-16T08:52:03","slug":"politica-de-privacidad","status":"publish","type":"page","link":"https:\/\/martinvel.com\/index.php\/politica-de-privacidad\/","title":{"rendered":"Pol\u00edtica de privacidad"},"content":{"rendered":"<p>MARTINVEL INMOBILIARIA INDUSTRIAL, S.L. informa seguidamente de su pol\u00edtica de privacidad aplicada a los datos personales. El uso de la p\u00e1gina web martinvel.com no implica que el usuario deba suministrar informaci\u00f3n alguna respecto a su identidad, no pudiendo ser asociada a un usuario concreto por la empresa. En el supuesto que se suministre datos de car\u00e1cter de personal, estos datos ser\u00e1n recogidos y utilizados conforme a las limitaciones y los derechos recogidos en la citada norma.<\/p>\n<h3>\u00bfQui\u00e9n es el Responsable del tratamiento de sus datos?<\/h3>\n<p><strong>Identidad: <\/strong>MARTINVEL INMOBILIARIA INDUSTRIAL, S.L.<\/p>\n<p><strong>CIF:<\/strong> B30711816<\/p>\n<p><strong>Direcci\u00f3n postal:<\/strong> Plaza de la Merced, n\u00ba 7-1\u00ba C, 30202 &#8211; Cartagena (MURCIA).<\/p>\n<p><strong>Tel\u00e9fono: <\/strong>619643687<strong><br \/>\n<\/strong><\/p>\n<p><strong>Correo electr\u00f3nico: <\/strong>inmobiliaria@martinvel.com<strong><br \/>\n<\/strong><\/p>\n<h3>\u00bfCon qu\u00e9 finalidad tratamos sus datos personales?<\/h3>\n<p>En MARTINVEL INMOBILIARIA INDUSTRIAL, S.L. usamos sus datos personales \u00fanicamente para dar respuesta a las solicitudes remitidas por usted desde los medios facilitados en nuestra web. El tratamiento que realizaremos ser\u00e1 \u00fanicamente atender a las consultas que nos plantee.<\/p>\n<h3>\u00bfCu\u00e1l es la legitimaci\u00f3n para el tratamiento de sus datos?<\/h3>\n<p>La base legal para el tratamiento de sus datos es el consentimiento informado para dar respuesta a las consultas planteadas a trav\u00e9s de la p\u00e1gina web, lo que supone la aceptaci\u00f3n de estas condiciones por parte del interesado.<\/p>\n<h3>\u00bfA qu\u00e9 destinatarios se comunicar\u00e1n sus datos?<\/h3>\n<p>Los datos personales no ser\u00e1n proporcionados a terceros salvo obligaci\u00f3n legal.<\/p>\n<h3>\u00bfPor cu\u00e1nto tiempo conservaremos sus datos?<\/h3>\n<p>Los datos ser\u00e1n conservados el tiempo necesario para dar respuesta a las consultas, y posteriormente 12 meses para evitar posibles errores o malentendidos.<\/p>\n<h3>\u00bfCu\u00e1les son sus derechos cuando nos facilita sus datos?<\/h3>\n<p>Tiene derecho a obtener confirmaci\u00f3n sobre si en MARTINVEL INMOBILIARIA INDUSTRIAL, S.L. estamos tratando datos personales que les conciernan, o no. Tambi\u00e9n tiene derecho a acceder a sus datos personales, as\u00ed como a solicitar la rectificaci\u00f3n de los datos inexactos o, en su caso, solicitar su supresi\u00f3n cuando, entre otros motivos, los datos ya no sean necesarios para los fines que fueron recogidos.<\/p>\n<p>En determinadas circunstancias, podr\u00e1 solicitar la limitaci\u00f3n del tratamiento de sus datos, en cuyo caso \u00fanicamente los conservaremos para el ejercicio o la defensa de reclamaciones. Por motivos relacionados con su situaci\u00f3n particular, tambi\u00e9n podr\u00e1 oponerse al tratamiento de sus datos.<\/p>\n<p>MARTINVEL INMOBILIARIA INDUSTRIAL, S.L. dejar\u00e1 de tratar los datos, salvo por motivos leg\u00edtimos imperiosos, o el ejercicio o la defensa de posibles reclamaciones. Recuerde que en todo momento podr\u00e1 presentar una reclamaci\u00f3n ante la autoridad de control.<\/p>\n<h3>\u00bfC\u00f3mo hemos obtenido sus datos?<\/h3>\n<p>Los datos personales que tratamos han sido proporcionados directamente por usted a trav\u00e9s de los diferentes formularios de los que dispone la p\u00e1gina web.<\/p>\n<p>\u00danicamente se tratar\u00e1n los datos identificativos y de contacto facilitados.<\/p>\n","protected":false},"excerpt":{"rendered":"<p>MARTINVEL INMOBILIARIA INDUSTRIAL, S.L. informa seguidamente de su pol\u00edtica de privacidad aplicada a los datos personales. El uso de la p\u00e1gina web martinvel.com no implica que el usuario deba suministrar &#8230;<\/p>\n","protected":false},"author":3,"featured_media":0,"parent":0,"menu_order":0,"comment_status":"closed","ping_status":"closed","template":"","meta":{"jetpack_post_was_ever_published":false,"footnotes":""},"class_list":["post-642","page","type-page","status-publish","hentry"],"jetpack_sharing_enabled":true,"jetpack_shortlink":"https:\/\/wp.me\/P8koMB-am","jetpack-related-posts":[],"_links":{"self":[{"href":"https:\/\/martinvel.com\/index.php\/wp-json\/wp\/v2\/pages\/642"}],"collection":[{"href":"https:\/\/martinvel.com\/index.php\/wp-json\/wp\/v2\/pages"}],"about":[{"href":"https:\/\/martinvel.com\/index.php\/wp-json\/wp\/v2\/types\/page"}],"author":[{"embeddable":true,"href":"https:\/\/martinvel.com\/index.php\/wp-json\/wp\/v2\/users\/3"}],"replies":[{"embeddable":true,"href":"https:\/\/martinvel.com\/index.php\/wp-json\/wp\/v2\/comments?post=642"}],"version-history":[{"count":0,"href":"https:\/\/martinvel.com\/index.php\/wp-json\/wp\/v2\/pages\/642\/revisions"}],"wp:attachment":[{"href":"https:\/\/martinvel.com\/index.php\/wp-json\/wp\/v2\/media?parent=642"}],"curies":[{"name":"wp","href":"https:\/\/api.w.org\/{rel}","templated":true}]}}