{"id":123,"date":"2017-02-14T12:08:15","date_gmt":"2017-02-14T12:08:15","guid":{"rendered":"http:\/\/martinvel.com\/?page_id=123"},"modified":"2021-10-22T11:27:22","modified_gmt":"2021-10-22T11:27:22","slug":"plazas-de-garaje","status":"publish","type":"page","link":"https:\/\/martinvel.com\/index.php\/plazas-de-garaje\/","title":{"rendered":"Plazas de garaje"},"content":{"rendered":"<p>Actualmente disponemos de las siguientes plazas de garaje:<\/p>\n<section id=\"huge_it_portfolio_content_2\"\n         style=\"clear: both\"\n         class=\"portfolio-gallery-content \"\n         data-portfolio-id=\"2\">\n\t<div id=\"huge-it-container-loading-overlay_2\"><\/div>\n\t\t\t\t\t\t<div id=\"huge_it_portfolio_container_2\"\n\t     data-show-loading=\"on\"\n\t     data-show-center=\"off\"\n\t     class=\"huge_it_portfolio_container super-list variable-sizes clearfix view-full-width\" >\n\t\t\t\t\t<div\n\t\t\t\tclass=\"portelement portelement_2 colorbox_grouping   \" data-symbol=\"SE VENDEN Y ALQUILAN PLAZAS DE GARAJE (MADRID)\" data-category=\"alkaline-earth\">\n\t\t\t\t<div class=\"left-block_2\">\n\t\t\t\t\t<div class=\"main-image-block_2 add-H-relative\">\n                        <p style=\"display:none;\" class=\"load_date\">2018-01-24 20:08:22<\/p>\n                        <p style=\"display:none;\" class=\"number\">19<\/p>\n\t\t\t\t\t\t\t\t\t\t\t\t\t\t\t\t\t\t\t\t\t<a href=\"https:\/\/i0.wp.com\/martinvel.com\/wp-content\/uploads\/2017\/03\/IMG_8875.jpg\"\n\t\t\t\t\t\t\t\t\t   class=\" portfolio-group1-2\"\n                                       data-description=\" Se alquilan plazas de garaje robotizadas en C\/Nicasio Gallego, situada en el castizo distrito de Chamber\u00ed en pleno coraz\u00f3n de Madrid. Magn\u00edfica oportunidad en el barrio de Trafalgar.\r\nEl garaje robotizado permite a su due\u00f1o, a trav\u00e9s de una llave electr\u00f3nica, ordenar al robot, la entrada y salida de su veh\u00edculo, aportando comodidad y mucho ahorro de tiempo para el usuario.\r\nLa principal ventaja es la seguridad del veh\u00edculo ya que el riesgo de da\u00f1ar el coche maniobrando al aparcar, as\u00ed como de robo, es nulo. El tiempo de aparcar el coche es de 1 minuto y de menos de 5 en el caso de desaparcar.\r\nLas dimensiones m\u00e1ximas para aparcar son:\r\n-Largo: 5,150 mtrs\r\n-Ancho: 2,100 mtrs\r\n-Alto: 2 mtrs\r\n-Peso: 2.500 kgs\r\n\r\nPRECIO: 38.000 \u20ac\r\n\r\n\"\n\t\t\t\t\t\t\t\t\t   title=\"SE VENDEN Y ALQUILAN PLAZAS DE GARAJE (MADRID)\" data-groupID=\"1-2\"><img\n\t\t\t\t\t\t\t\t\t\t\talt=\"SE VENDEN Y ALQUILAN PLAZAS DE GARAJE (MADRID)\"\n\t\t\t\t\t\t\t\t\t\t\tid=\"wd-cl-img0\"\n                                            data-title=\" IMG_8875\"\n\t\t\t\t\t\t\t\t\t\t\tsrc=\"https:\/\/i0.wp.com\/martinvel.com\/wp-content\/uploads\/2017\/03\/IMG_8875.jpg?fit=800%2C534&#038;ssl=1\"><\/a>\n\t\t\t\t\t\t\t\t\t\t\t\t\t\t<\/div>\n\t\t\t\t\t<div class=\"thumbs-block\">\n\t\t\t\t\t\t\t\t\t\t\t\t\t<ul class=\"thumbs-list_2\">\n\t\t\t\t\t\t\t\t\t\t\t\t\t\t\t\t\t\t\t<li><a href=\"https:\/\/i0.wp.com\/martinvel.com\/wp-content\/uploads\/2017\/03\/IMG_8883.jpg\" data-description=\" Se alquilan plazas de garaje robotizadas en C\/Nicasio Gallego, situada en el castizo distrito de Chamber\u00ed en pleno coraz\u00f3n de Madrid. Magn\u00edfica oportunidad en el barrio de Trafalgar.\r\nEl garaje robotizado permite a su due\u00f1o, a trav\u00e9s de una llave electr\u00f3nica, ordenar al robot, la entrada y salida de su veh\u00edculo, aportando comodidad y mucho ahorro de tiempo para el usuario.\r\nLa principal ventaja es la seguridad del veh\u00edculo ya que el riesgo de da\u00f1ar el coche maniobrando al aparcar, as\u00ed como de robo, es nulo. El tiempo de aparcar el coche es de 1 minuto y de menos de 5 en el caso de desaparcar.\r\nLas dimensiones m\u00e1ximas para aparcar son:\r\n-Largo: 5,150 mtrs\r\n-Ancho: 2,100 mtrs\r\n-Alto: 2 mtrs\r\n-Peso: 2.500 kgs\r\n\r\nPRECIO: 38.000 \u20ac\r\n\r\n\"\n\t\t\t\t\t\t\t\t\t\t\t       class=\" portfolio-group1-2 \" data-groupID=\"1-2\"><img alt=\"SE VENDEN Y ALQUILAN PLAZAS DE GARAJE (MADRID)\"\n                                                  data-title=\" IMG_8883\"\n\t\t\t\t\t\t\t\t\t\t\t\t\t\tsrc=\"https:\/\/i0.wp.com\/martinvel.com\/wp-content\/uploads\/2017\/03\/IMG_8883.jpg?resize=150%2C150&#038;ssl=1\"><\/a>\n\t\t\t\t\t\t\t\t\t\t\t<\/li>\n\t\t\t\t\t\t\t\t\t\t\t\t\t\t\t\t\t\t\t\t\t\t<li><a href=\"https:\/\/i0.wp.com\/martinvel.com\/wp-content\/uploads\/2017\/03\/IMG_8879.jpg\" data-description=\" Se alquilan plazas de garaje robotizadas en C\/Nicasio Gallego, situada en el castizo distrito de Chamber\u00ed en pleno coraz\u00f3n de Madrid. Magn\u00edfica oportunidad en el barrio de Trafalgar.\r\nEl garaje robotizado permite a su due\u00f1o, a trav\u00e9s de una llave electr\u00f3nica, ordenar al robot, la entrada y salida de su veh\u00edculo, aportando comodidad y mucho ahorro de tiempo para el usuario.\r\nLa principal ventaja es la seguridad del veh\u00edculo ya que el riesgo de da\u00f1ar el coche maniobrando al aparcar, as\u00ed como de robo, es nulo. El tiempo de aparcar el coche es de 1 minuto y de menos de 5 en el caso de desaparcar.\r\nLas dimensiones m\u00e1ximas para aparcar son:\r\n-Largo: 5,150 mtrs\r\n-Ancho: 2,100 mtrs\r\n-Alto: 2 mtrs\r\n-Peso: 2.500 kgs\r\n\r\nPRECIO: 38.000 \u20ac\r\n\r\n\"\n\t\t\t\t\t\t\t\t\t\t\t       class=\" portfolio-group1-2 \" data-groupID=\"1-2\"><img alt=\"SE VENDEN Y ALQUILAN PLAZAS DE GARAJE (MADRID)\"\n                                                  data-title=\" IMG_8879\"\n\t\t\t\t\t\t\t\t\t\t\t\t\t\tsrc=\"https:\/\/i0.wp.com\/martinvel.com\/wp-content\/uploads\/2017\/03\/IMG_8879.jpg?resize=150%2C150&#038;ssl=1\"><\/a>\n\t\t\t\t\t\t\t\t\t\t\t<\/li>\n\t\t\t\t\t\t\t\t\t\t\t\t\t\t\t\t\t\t\t\t\t\t<li><a href=\"https:\/\/i0.wp.com\/martinvel.com\/wp-content\/uploads\/2017\/03\/IMG_8887.jpg\" data-description=\" Se alquilan plazas de garaje robotizadas en C\/Nicasio Gallego, situada en el castizo distrito de Chamber\u00ed en pleno coraz\u00f3n de Madrid. Magn\u00edfica oportunidad en el barrio de Trafalgar.\r\nEl garaje robotizado permite a su due\u00f1o, a trav\u00e9s de una llave electr\u00f3nica, ordenar al robot, la entrada y salida de su veh\u00edculo, aportando comodidad y mucho ahorro de tiempo para el usuario.\r\nLa principal ventaja es la seguridad del veh\u00edculo ya que el riesgo de da\u00f1ar el coche maniobrando al aparcar, as\u00ed como de robo, es nulo. El tiempo de aparcar el coche es de 1 minuto y de menos de 5 en el caso de desaparcar.\r\nLas dimensiones m\u00e1ximas para aparcar son:\r\n-Largo: 5,150 mtrs\r\n-Ancho: 2,100 mtrs\r\n-Alto: 2 mtrs\r\n-Peso: 2.500 kgs\r\n\r\nPRECIO: 38.000 \u20ac\r\n\r\n\"\n\t\t\t\t\t\t\t\t\t\t\t       class=\" portfolio-group1-2 \" data-groupID=\"1-2\"><img alt=\"SE VENDEN Y ALQUILAN PLAZAS DE GARAJE (MADRID)\"\n                                                  data-title=\" IMG_8887\"\n\t\t\t\t\t\t\t\t\t\t\t\t\t\tsrc=\"https:\/\/i0.wp.com\/martinvel.com\/wp-content\/uploads\/2017\/03\/IMG_8887.jpg?resize=150%2C150&#038;ssl=1\"><\/a>\n\t\t\t\t\t\t\t\t\t\t\t<\/li>\n\t\t\t\t\t\t\t\t\t\t\t\t\t\t\t\t\t\t\t\t\t\t<li><a href=\"https:\/\/i0.wp.com\/martinvel.com\/wp-content\/uploads\/2017\/03\/IMG_8808.jpg\" data-description=\" Se alquilan plazas de garaje robotizadas en C\/Nicasio Gallego, situada en el castizo distrito de Chamber\u00ed en pleno coraz\u00f3n de Madrid. Magn\u00edfica oportunidad en el barrio de Trafalgar.\r\nEl garaje robotizado permite a su due\u00f1o, a trav\u00e9s de una llave electr\u00f3nica, ordenar al robot, la entrada y salida de su veh\u00edculo, aportando comodidad y mucho ahorro de tiempo para el usuario.\r\nLa principal ventaja es la seguridad del veh\u00edculo ya que el riesgo de da\u00f1ar el coche maniobrando al aparcar, as\u00ed como de robo, es nulo. El tiempo de aparcar el coche es de 1 minuto y de menos de 5 en el caso de desaparcar.\r\nLas dimensiones m\u00e1ximas para aparcar son:\r\n-Largo: 5,150 mtrs\r\n-Ancho: 2,100 mtrs\r\n-Alto: 2 mtrs\r\n-Peso: 2.500 kgs\r\n\r\nPRECIO: 38.000 \u20ac\r\n\r\n\"\n\t\t\t\t\t\t\t\t\t\t\t       class=\" portfolio-group1-2 \" data-groupID=\"1-2\"><img alt=\"SE VENDEN Y ALQUILAN PLAZAS DE GARAJE (MADRID)\"\n                                                  data-title=\" IMG_8808\"\n\t\t\t\t\t\t\t\t\t\t\t\t\t\tsrc=\"https:\/\/i0.wp.com\/martinvel.com\/wp-content\/uploads\/2017\/03\/IMG_8808.jpg?resize=150%2C150&#038;ssl=1\"><\/a>\n\t\t\t\t\t\t\t\t\t\t\t<\/li>\n\t\t\t\t\t\t\t\t\t\t\t\t\t\t\t\t\t\t<\/ul>\n\t\t\t\t\t\t\t\t\t\t\t\t<\/div>\n\t\t\t\t<\/div>\n\t\t\t\t<div class=\"right-block\">\n\t\t\t\t\t\t\t\t\t\t<div class=\"title-block_2\">\n\t\t\t\t\t\t<h3 class=\"name\" >SE VENDEN Y ALQUILAN PLAZAS DE GARAJE (MADRID)<\/h3><\/div>\t\t\t\t\t\t\t\t\t\t\t\t<div class=\"description-block_2\">\n\t\t\t\t\t\t\t\t<p>Se alquilan plazas de garaje robotizadas en C\/Nicasio Gallego, situada en el castizo distrito de Chamber\u00ed en pleno coraz\u00f3n de Madrid. Magn\u00edfica oportunidad en el barrio de Trafalgar.\r\nEl garaje robotizado permite a su due\u00f1o, a trav\u00e9s de una llave electr\u00f3nica, ordenar al robot, la entrada y salida de su veh\u00edculo, aportando comodidad y mucho ahorro de tiempo para el usuario.\r\nLa principal ventaja es la seguridad del veh\u00edculo ya que el riesgo de da\u00f1ar el coche maniobrando al aparcar, as\u00ed como de robo, es nulo. El tiempo de aparcar el coche es de 1 minuto y de menos de 5 en el caso de desaparcar.\r\nLas dimensiones m\u00e1ximas para aparcar son:\r\n-Largo: 5,150 mtrs\r\n-Ancho: 2,100 mtrs\r\n-Alto: 2 mtrs\r\n-Peso: 2.500 kgs\r\n\r\nPRECIO: 38.000 \u20ac\r\n\r\n<\/p><\/div>\n\t\t\t\t\t\t\t\t\t\t\t\t\t\t\t<\/div>\n\t\t\t<\/div>\n\n\t\t\t\n\t<\/div>\n<\/section><style>\n.portelement_2 .play-icon.youtube-icon  {\n    background: url(https:\/\/martinvel.com\/wp-content\/plugins\/portfolio-gallery\/assets\/images\/admin_images\/play.youtube.png) center center no-repeat;\n    background-size: 30% 30%;\n}\n.portelement_2 .play-icon.vimeo-icon  {\n    background: url(https:\/\/martinvel.com\/wp-content\/plugins\/portfolio-gallery\/assets\/images\/admin_images\/play.vimeo.png) center center no-repeat;\n    background-size: 30% 30%;\n}\n.portelement_2 .play-icon {\n    position: absolute;\n    top: 0px;\n    left: 0px;\n    width: 100%;\n    height: 100%;\n}\n.add-H-relative {\n    position: relative;\n}\n.add-H-block {\n    display: block;\n    border: none !important;\n    box-shadow: none;\n\n}\n\/***<\/add>***\/\n.portelement_2 {\n    position: relative;\n    width: calc(96% - 2px);\n    margin:5px 0px 5px 0px;\n    padding:2%;\n    clear:both;\n    overflow: hidden;\n    border:1px solid #dedede;\n    background:#f9f9f9;\n}\n\n.portelement_2 div.left-block_2 {\n    padding-right: 10px;\n    display: inline-block;\n    float: left;\n}\n\n.portelement_2 div.left-block_2 .main-image-block_2 {\n    clear:both;\n    width:240px;\n}\n\n.portelement_2 div.left-block_2 .main-image-block_2 img {\n    margin:0px !important;\n    padding:0px !important;\n    width:240px !important;\n    height:auto;\n}\n\n.portelement_2 div.left-block_2 .thumbs-block {\n    position:relative;\n    margin-top:10px;\n    display: inline-block;\n}\n\n.portelement_2 div.left-block_2 .thumbs-block .thumbs-list_2{\n    padding: 0 !important;\n}\n\n.portelement_2 div.left-block_2 .thumbs-block ul {\n    width:240px;\n    height:auto;\n    display:table;\n    margin:0px;\n    padding:0px;\n    list-style:none;\n}\n\n.portelement_2 div.left-block_2 .thumbs-block ul li {\n    margin:2px 3px 0px 2px;\n    padding:0px;\n    width:75px;\n    height:75px;\n    float:left;\n}\n\n.portelement_2 div.left-block_2 .thumbs-block ul li a {\n    display:block;\n    width:75px;\n    height:75px;\n    border: none;\n    box-shadow: none;\n}\n\n.portelement_2 div.left-block_2 .thumbs-block ul li a img {\n    margin:0px !important;\n    padding:0px !important;\n    width:75px;\n    height:75px;\n}\n\n.portelement_2 div.right-block {\n    vertical-align:top;\n    float: right;\n    display: inline-block;\n    width: calc(96% - 240px);\n}\n\n.portelement_2 div.right-block > div {\n    width:100%;\n    padding-bottom:10px;\n    margin-top:10px;\n    background:url('https:\/\/martinvel.com\/wp-content\/plugins\/portfolio-gallery\/assets\/images\/admin_images\/divider.line.png') center bottom repeat-x;\n}\n\n.portelement_2 div.right-block > div:last-child {\n    background:none;\n}\n\n.portelement_2 div.right-block .title-block_2  {\n    margin-top:3px;\n}\n\n.portelement_2 div.right-block .title-block_2 h3 {\n    margin:0px;\n    padding:0px;\n    font-weight:normal;\n    font-size:18px !important;\n    line-height:22px !important;\n    color:#0074a2;\n}\n\n.portelement_2 div.right-block .description-block_2 p,.portelement_2 div.right-block .description-block_2  {\n    margin:0px;\n    padding:0px;\n    font-size:14px;\n    color:#555555;\n    text-align: justify;\n}\n\n\n.portelement_2 div.right-block .description-block_2 h1,\n.portelement_2 div.right-block .description-block_2 h2,\n.portelement_2 div.right-block .description-block_2 h3,\n.portelement_2 div.right-block .description-block_2 h4,\n.portelement_2 div.right-block .description-block_2 h5,\n.portelement_2 div.right-block .description-block_2 h6,\n.portelement_2 div.right-block .description-block_2 p,\n.portelement_2 div.right-block .description-block_2 strong,\n.portelement_2 div.right-block .description-block_2 span {\n    padding:2px !important;\n    margin:0px !important;\n}\n\n.portelement_2 div.right-block .description-block_2 ul,\n.portelement_2 div.right-block .description-block_2 li {\n    padding:2px 0px 2px 5px;\n    margin:0px 0px 0px 8px;\n}\n\n.portelement_2 .button-block {\n    position:relative;\n}\n\n.portelement_2 div.right-block .button-block a,.portelement_2 div.right-block .button-block a:link,.portelement_2 div.right-block .button-block a:visited {\n    position:relative;\n    display:inline-block;\n    padding:6px 12px;\n    background:#2ea2cd;\n    color:#ffffff;\n    font-size:14px;\n    text-decoration:none;\n    border:none;\n}\n\n.portelement_2 div.right-block .button-block a:hover,.pupup-elemen.element div.right-block .button-block a:focus,.portelement_2 div.right-block .button-block a:active {\n    background:#0074a2;\n    color:#ffffff;\n    border:none;\n}\n\n#huge_it_portfolio_content_2 #huge_it_portfolio_options_2 {\n    position: relative;\n    overflow: hidden;\nfloat:;margin-top:5px;max-width:180px;width:20%;display:inline-block;margin-left:1%;\nopacity: 0;    margin-bottom: 10px;\n}\n\n#huge_it_portfolio_content_2 #huge_it_portfolio_options_2 ul {\n    margin: 0px !important;\n    padding: 0px !important;\n    list-style: none;\n}\n\n#huge_it_portfolio_content_2 #huge_it_portfolio_filters_2 ul {\n    margin: 0px !important;\n    padding: 0px !important;\n    overflow: hidden;\n    width: 100%;\n}\n\n\n#huge_it_portfolio_content_2 #huge_it_portfolio_options_2 ul li {\n    border-radius: 0px;\n    list-style-type: none;\n    margin: 0px !important;\n    padding: 0;\nborder: 1px solid #ccc;}\n\n#huge_it_portfolio_content_2 #huge_it_portfolio_options_2 ul li a {\n    background-color: #F7F7F7 !important;\n    border-radius: 0px;\n    font-size:14px !important;\n    color:#555555 !important;\n    text-decoration: none;\n    cursor: pointer;\n    margin: 0px !important;\n    display: block;\n    padding:3px;\n}\n\n\/*#huge_it_portfolio_content_2 #huge_it_portfolio_options_2 ul li:hover {\n\n}*\/\n\n#huge_it_portfolio_content_2 #huge_it_portfolio_options_2 ul li a:hover {\n    background-color: #FF3845 !important;\n    color:#ffffff !important;\n    cursor: pointer;\n}\n\n#huge_it_portfolio_content_2 #huge_it_portfolio_filters_2 {\n    position: relative;\n    overflow: hidden;\nfloat:;margin-top:5px;max-width:180px;width:20%;display:inline-block;margin-left:1%;\nopacity: 0;}\n\n#huge_it_portfolio_content_2 #huge_it_portfolio_filters_2 ul li {\n    border-radius: 0px;\n    list-style-type: none;\nborder: 1px solid #ccc;}\n\n#huge_it_portfolio_content_2 #huge_it_portfolio_filters_2 ul li a {\n    font-size:14px !important;\n    color:#555555 !important;\n    background-color: #F7F7F7 !important;\n    border-radius: 0px;\n    padding:3px;\n    display: block;\n    text-decoration: none;\n}\n\n#huge_it_portfolio_content_2 #huge_it_portfolio_filters_2  ul li a:hover {\n    color:#ffffff !important;\n    background-color: #FF3845 !important;\n    cursor: pointer;\n}\n#huge_it_portfolio_content_2 #huge_it_portfolio_filters_2 ul li.active a,\n#huge_it_portfolio_content_2 #huge_it_portfolio_filters_2 ul li.active a:link,\n#huge_it_portfolio_content_2 #huge_it_portfolio_filters_2 ul li.active a:visited,\n#huge_it_portfolio_content_2 #huge_it_portfolio_filters_2  ul li.active a:hover,\n#huge_it_portfolio_content_2 #huge_it_portfolio_filters_2  ul li.active a:focus,\n#huge_it_portfolio_content_2 #huge_it_portfolio_filters_2  ul li.active a:active {\n    color:#ffffff !important;\n    background-color: #FF3845 !important;\n    cursor: pointer;\n}\n#huge_it_portfolio_content_2 section {\n    position:relative;\n    display:block;\n}\n\n#huge_it_portfolio_content_2 #huge_it_portfolio_container_2 {\n\n    width: 79%;\nwidth:100%;opacity: 0;\n}\n@media screen and (max-width: 768px) {\n\n    #huge_it_portfolio_content_2 #huge_it_portfolio_filters_2 ul li a,\n    #huge_it_portfolio_content_2 #huge_it_portfolio_filters_2 ul li a:link,\n    #huge_it_portfolio_content_2 #huge_it_portfolio_filters_2 ul li a:visited {\n        font-size: 2vw !important;\n    }\n    #huge_it_portfolio_content_2 #huge_it_portfolio_options_2 ul li a {\n        font-size:2vw !important;\n    }\n\n}\n\n@media screen and (max-width: 600px) {\n    .portelement_2 div.left-block_2 {\n        width: 100%;\n    }\n    .portelement_2 div.left-block_2 .main-image-block_2{\n        float: left;\n    }\n    .portelement_2 div.left-block_2 .thumbs-block{\n        width: calc(100% - 250px);\n        margin-left: 10px;\n    }\n    .portelement_2 div.left-block_2 .thumbs-block ul{\n        width: auto;\n    }\n    .portelement_2 div.right-block {\n        width: 100%;\n    }\n    .portelement_2 div.right-block .title-block_2 h3 {\n        text-align: center;\n    }\n}\n\n@media screen and (max-width: 480px) {\n\n    #huge_it_portfolio_content_2 #huge_it_portfolio_filters_2 ul li a,\n    #huge_it_portfolio_content_2 #huge_it_portfolio_filters_2 ul li a:link,\n    #huge_it_portfolio_content_2 #huge_it_portfolio_filters_2 ul li a:visited {\n        font-size: 3vw !important;\n    }\n    #huge_it_portfolio_content_2 #huge_it_portfolio_options_2 ul li a {\n        line-height: 3vw;\n        font-size:3vw !important;\n    }\n    .portelement_2 div.left-block_2 .thumbs-block{\n        width: auto;\n    }\n    .portelement_2 div.left-block_2 .main-image-block_2  {\n        left: 50%;\n        transform: translateX(-50%);\n        position: relative;\n    }\n    .portelement_2 div.left-block_2 .thumbs-block ul{\n        left: 50%;\n        transform: translateX(-50%);\n        position: relative;\n    }\n    .portelement_2 div.left-block_2 .thumbs-block{\n        width: 100%;\n        margin-left: 0;\n    }\n}\n@media screen and (max-width: 420px) {\n\n    #huge_it_portfolio_content_2 #huge_it_portfolio_filters_2 ul li a,\n    #huge_it_portfolio_content_2 #huge_it_portfolio_filters_2 ul li a:link,\n    #huge_it_portfolio_content_2 #huge_it_portfolio_filters_2 ul li a:visited {\n        font-size: 4vw !important;\n    }\n    #huge_it_portfolio_content_2 #huge_it_portfolio_options_2 ul li a {\n        font-size:4vw !important;\n    }\n}\n\n@media screen and (max-width: 765px) {\n    #huge_it_portfolio_content_2 .right-block {\n        float: left !important;\n        width: 100% !important;\n\n    }\n}\n#huge-it-container-loading-overlay_2 {\n    width: 100%;\n    height: 100%;\n    position: absolute;\n    z-index: 1;\n    background:  url(https:\/\/martinvel.com\/wp-content\/plugins\/portfolio-gallery\/assets\/images\/loading\/loading-1.svg) center top ;\n    background-repeat: no-repeat;\n    background-size: 60px auto;\n}\n#huge_it_portfolio_options_and_filters_2{\n    position: relative;\n    float: left;\n    width: 20%;\n    max-width: 180px;\n    float:;\nmargin-left:1%;}\n<\/style>\n","protected":false},"excerpt":{"rendered":"<p>Actualmente disponemos de las siguientes plazas de garaje:<\/p>\n","protected":false},"author":3,"featured_media":0,"parent":0,"menu_order":0,"comment_status":"closed","ping_status":"closed","template":"","meta":{"jetpack_post_was_ever_published":false,"footnotes":""},"class_list":["post-123","page","type-page","status-publish","hentry"],"jetpack_sharing_enabled":true,"jetpack_shortlink":"https:\/\/wp.me\/P8koMB-1Z","jetpack-related-posts":[],"_links":{"self":[{"href":"https:\/\/martinvel.com\/index.php\/wp-json\/wp\/v2\/pages\/123"}],"collection":[{"href":"https:\/\/martinvel.com\/index.php\/wp-json\/wp\/v2\/pages"}],"about":[{"href":"https:\/\/martinvel.com\/index.php\/wp-json\/wp\/v2\/types\/page"}],"author":[{"embeddable":true,"href":"https:\/\/martinvel.com\/index.php\/wp-json\/wp\/v2\/users\/3"}],"replies":[{"embeddable":true,"href":"https:\/\/martinvel.com\/index.php\/wp-json\/wp\/v2\/comments?post=123"}],"version-history":[{"count":1,"href":"https:\/\/martinvel.com\/index.php\/wp-json\/wp\/v2\/pages\/123\/revisions"}],"predecessor-version":[{"id":691,"href":"https:\/\/martinvel.com\/index.php\/wp-json\/wp\/v2\/pages\/123\/revisions\/691"}],"wp:attachment":[{"href":"https:\/\/martinvel.com\/index.php\/wp-json\/wp\/v2\/media?parent=123"}],"curies":[{"name":"wp","href":"https:\/\/api.w.org\/{rel}","templated":true}]}}